{"id":5862,"date":"2026-04-14T13:59:35","date_gmt":"2026-04-14T12:59:35","guid":{"rendered":"https:\/\/hartleytissier.com\/?post_type=product&#038;p=5862"},"modified":"2026-04-14T16:34:52","modified_gmt":"2026-04-14T15:34:52","slug":"tapis-descalier-tisse-plat-100-laine-stripes-finley-fg06-lt-grey-denim-copy-copy","status":"publish","type":"product","link":"https:\/\/hartleytissier.com\/fr\/produit\/tapis-descalier-tisse-plat-100-laine-stripes-finley-fg06-lt-grey-denim-copy-copy\/","title":{"rendered":"Tapis d&#8217;escalier tiss\u00e9 plat, 100% laine, Stripes Finley FG08 Ivory &#038; Terra"},"content":{"rendered":"<h2>Tapis d&#8217;escalier tiss\u00e9 plat, 100% laine, Stripes Finley FG08 Ivory &amp; Terra<\/h2>\n<div>\n<p class=\"p1\">Composition : 100% Pure Laine.<\/p>\n<p class=\"p1\">Largeur: 61 cm et 72 cm environ.<\/p>\n<\/div>\n<p>&nbsp;<\/p>\n","protected":false},"excerpt":{"rendered":"<p class=\"p1\">Ce tissage \u00e0 plat traditionnel fabriqu\u00e9 en pure laine vierge, b\u00e9n\u00e9ficie d\u2019une excellente tenue \u00e0 l\u2019usure.<span class=\"Apple-converted-space\">\u00a0<\/span><\/p>\n<p class=\"p1\">Il est confectionn\u00e9 sur des largeurs de 60 cm et 72 cm de large ce qui permet de l\u2019utiliser comme tapis d\u2019escalier, pour habiller vos couloirs ou apr\u00e8s avoir \u00e9t\u00e9 assembl\u00e9 de mani\u00e8re invisible comme tapis ou moquette.<\/p>\n<p class=\"p1\">Le produit id\u00e9al pour l\u2019ensemble de vos int\u00e9rieurs.<\/p>\n","protected":false},"featured_media":5864,"template":"","meta":[],"product_brand":[],"product_cat":[26,159],"product_tag":[],"class_list":{"0":"post-5862","1":"product","2":"type-product","3":"status-publish","4":"has-post-thumbnail","6":"product_cat-tapis-d-escalier","7":"product_cat-finley-fr","9":"first","10":"instock","11":"shipping-taxable","12":"product-type-simple"},"_links":{"self":[{"href":"https:\/\/hartleytissier.com\/fr\/wp-json\/wp\/v2\/product\/5862","targetHints":{"allow":["GET"]}}],"collection":[{"href":"https:\/\/hartleytissier.com\/fr\/wp-json\/wp\/v2\/product"}],"about":[{"href":"https:\/\/hartleytissier.com\/fr\/wp-json\/wp\/v2\/types\/product"}],"wp:featuredmedia":[{"embeddable":true,"href":"https:\/\/hartleytissier.com\/fr\/wp-json\/wp\/v2\/media\/5864"}],"wp:attachment":[{"href":"https:\/\/hartleytissier.com\/fr\/wp-json\/wp\/v2\/media?parent=5862"}],"wp:term":[{"taxonomy":"product_brand","embeddable":true,"href":"https:\/\/hartleytissier.com\/fr\/wp-json\/wp\/v2\/product_brand?post=5862"},{"taxonomy":"product_cat","embeddable":true,"href":"https:\/\/hartleytissier.com\/fr\/wp-json\/wp\/v2\/product_cat?post=5862"},{"taxonomy":"product_tag","embeddable":true,"href":"https:\/\/hartleytissier.com\/fr\/wp-json\/wp\/v2\/product_tag?post=5862"}],"curies":[{"name":"wp","href":"https:\/\/api.w.org\/{rel}","templated":true}]}}