{"id":5803,"date":"2025-11-03T11:01:57","date_gmt":"2025-11-03T11:01:57","guid":{"rendered":"https:\/\/hartleytissier.com\/?post_type=product&#038;p=5803"},"modified":"2025-11-03T11:09:47","modified_gmt":"2025-11-03T11:09:47","slug":"tapis-descalier-tisse-plat-regent-victoria-vic01-tea-rose-copy","status":"publish","type":"product","link":"https:\/\/hartleytissier.com\/fr\/produit\/tapis-descalier-tisse-plat-regent-victoria-vic01-tea-rose-copy\/","title":{"rendered":"Tapis d&#8217;escalier tiss\u00e9 plat, Regent Victoria VIC02 Cinnamon"},"content":{"rendered":"<h2>Tapis d&#8217;escalier tiss\u00e9 plat, Regent Victoria VIC02 Cinnamon<\/h2>\n<p class=\"p1\">Composition : 100% Pure Laine.<\/p>\n<p class=\"p1\">Largeur : de 68 cm environ.<\/p>\n<p><\/p>\n","protected":false},"excerpt":{"rendered":"<div>Ce tissage \u00e0 plat traditionnel fabriqu\u00e9 en pure laine vierge, b\u00e9n\u00e9ficie d\u2019une excellente tenue \u00e0 l\u2019usure.<\/div>\n<div><\/div>\n<div>\n<p class=\"p1\">Il est confectionn\u00e9 sur des largeurs de 68 cm de large ce qui permet de l\u2019utiliser comme tapis d\u2019escalier, pour habiller vos couloirs ou apr\u00e8s avoir \u00e9t\u00e9 assembl\u00e9 de mani\u00e8re invisible comme tapis ou moquette.<\/p>\n<p class=\"p1\">Le produit id\u00e9al pour l\u2019ensemble de vos int\u00e9rieurs.<\/p>\n<\/div>\n","protected":false},"featured_media":5776,"template":"","meta":[],"product_brand":[],"product_cat":[26,265],"product_tag":[],"class_list":{"0":"post-5803","1":"product","2":"type-product","3":"status-publish","4":"has-post-thumbnail","6":"product_cat-tapis-d-escalier","7":"product_cat-victoria-tapis-escalier","9":"first","10":"instock","11":"shipping-taxable","12":"product-type-simple"},"_links":{"self":[{"href":"https:\/\/hartleytissier.com\/fr\/wp-json\/wp\/v2\/product\/5803","targetHints":{"allow":["GET"]}}],"collection":[{"href":"https:\/\/hartleytissier.com\/fr\/wp-json\/wp\/v2\/product"}],"about":[{"href":"https:\/\/hartleytissier.com\/fr\/wp-json\/wp\/v2\/types\/product"}],"wp:featuredmedia":[{"embeddable":true,"href":"https:\/\/hartleytissier.com\/fr\/wp-json\/wp\/v2\/media\/5776"}],"wp:attachment":[{"href":"https:\/\/hartleytissier.com\/fr\/wp-json\/wp\/v2\/media?parent=5803"}],"wp:term":[{"taxonomy":"product_brand","embeddable":true,"href":"https:\/\/hartleytissier.com\/fr\/wp-json\/wp\/v2\/product_brand?post=5803"},{"taxonomy":"product_cat","embeddable":true,"href":"https:\/\/hartleytissier.com\/fr\/wp-json\/wp\/v2\/product_cat?post=5803"},{"taxonomy":"product_tag","embeddable":true,"href":"https:\/\/hartleytissier.com\/fr\/wp-json\/wp\/v2\/product_tag?post=5803"}],"curies":[{"name":"wp","href":"https:\/\/api.w.org\/{rel}","templated":true}]}}