{"id":5792,"date":"2025-10-31T18:09:28","date_gmt":"2025-10-31T18:09:28","guid":{"rendered":"https:\/\/hartleytissier.com\/?post_type=product&#038;p=5792"},"modified":"2025-10-31T18:18:51","modified_gmt":"2025-10-31T18:18:51","slug":"tapis-descalier-tisse-plat-stripes-capri-ca02-terra-copy","status":"publish","type":"product","link":"https:\/\/hartleytissier.com\/fr\/produit\/tapis-descalier-tisse-plat-stripes-capri-ca02-terra-copy\/","title":{"rendered":"Tapis d&#8217;escalier tiss\u00e9 plat, Regent Oscar OSC01 Green"},"content":{"rendered":"<h2>Tapis d&#8217;escalier tiss\u00e9 plat, Regent Oscar OSC01 Green<\/h2>\n<p class=\"p1\">Composition : 100% Pure Laine.<\/p>\n<p class=\"p1\">Largeur : de 70 cm environ.<\/p>\n<p>&nbsp;<\/p>\n","protected":false},"excerpt":{"rendered":"<div>Ce tissage \u00e0 plat traditionnel fabriqu\u00e9 en pure laine vierge, b\u00e9n\u00e9ficie d\u2019une excellente tenue \u00e0 l\u2019usure.<\/div>\n<div><\/div>\n<div>Il est confectionn\u00e9 sur des largeurs de 70 cm de large ce qui permet de l\u2019utiliser comme tapis d\u2019escalier ou pour habiller vos couloirs.<\/div>\n<div><\/div>\n<div>Le produit id\u00e9al pour l\u2019ensemble de vos int\u00e9rieurs.<\/div>\n","protected":false},"featured_media":5809,"template":"","meta":[],"product_brand":[],"product_cat":[26,263],"product_tag":[],"class_list":{"0":"post-5792","1":"product","2":"type-product","3":"status-publish","4":"has-post-thumbnail","6":"product_cat-tapis-d-escalier","7":"product_cat-oscar-tapis-escalier","9":"first","10":"instock","11":"shipping-taxable","12":"product-type-simple"},"_links":{"self":[{"href":"https:\/\/hartleytissier.com\/fr\/wp-json\/wp\/v2\/product\/5792","targetHints":{"allow":["GET"]}}],"collection":[{"href":"https:\/\/hartleytissier.com\/fr\/wp-json\/wp\/v2\/product"}],"about":[{"href":"https:\/\/hartleytissier.com\/fr\/wp-json\/wp\/v2\/types\/product"}],"wp:featuredmedia":[{"embeddable":true,"href":"https:\/\/hartleytissier.com\/fr\/wp-json\/wp\/v2\/media\/5809"}],"wp:attachment":[{"href":"https:\/\/hartleytissier.com\/fr\/wp-json\/wp\/v2\/media?parent=5792"}],"wp:term":[{"taxonomy":"product_brand","embeddable":true,"href":"https:\/\/hartleytissier.com\/fr\/wp-json\/wp\/v2\/product_brand?post=5792"},{"taxonomy":"product_cat","embeddable":true,"href":"https:\/\/hartleytissier.com\/fr\/wp-json\/wp\/v2\/product_cat?post=5792"},{"taxonomy":"product_tag","embeddable":true,"href":"https:\/\/hartleytissier.com\/fr\/wp-json\/wp\/v2\/product_tag?post=5792"}],"curies":[{"name":"wp","href":"https:\/\/api.w.org\/{rel}","templated":true}]}}