{"id":5674,"date":"2025-06-26T16:29:21","date_gmt":"2025-06-26T15:29:22","guid":{"rendered":"https:\/\/hartleytissier.com\/?post_type=product&#038;p=5674"},"modified":"2025-08-13T15:40:47","modified_gmt":"2025-08-13T14:40:47","slug":"tapis-descalier-sur-mesure-tisse-a-plat-special-stripe-putty-anthracite-copy-copy","status":"publish","type":"product","link":"https:\/\/hartleytissier.com\/fr\/produit\/tapis-descalier-sur-mesure-tisse-a-plat-special-stripe-putty-anthracite-copy-copy\/","title":{"rendered":"Tapis d&#8217;escalier sur mesure, Tiss\u00e9 \u00e0 plat, Central ZIP"},"content":{"rendered":"<h2>Tapis d&#8217;escalier sur mesure, Tiss\u00e9 \u00e0 plat, Central ZIP.<\/h2>\n<div>Composition : 100% Pure laine vierge.<br \/>\nLargeur : 70 cm environ.<\/div>\n<div><\/div>\n<div><\/div>\n<div><\/div>\n<p>&nbsp;<\/p>\n","protected":false},"excerpt":{"rendered":"<p class=\"p1\">Nos tapis d&#8217;escalier tiss\u00e9s \u00e0 plat sur mesure sont fabriqu\u00e9s \u00e0 partir de 100 % de pure laine vierge.<\/p>\n<p class=\"p1\">Ces produits sur mesure vous permettront d\u2019embellir vos interieurs en sublimant vos escaliers.<\/p>\n<p class=\"p1\">Nous pouvons les ajuster dans des largeurs allant de 60 \u00e0 140 cm et en utilisant nos couleurs tenues en stock ou des couleurs \u00e0 votre gout, selon vos envies.<\/p>\n<p class=\"p1\">La quantit\u00e9 requise minimale est seulement de 20 m\u00e8tres lin\u00e9aires.<\/p>\n<p class=\"p1\">Cette galerie de photos ne pr\u00e9sente qu&#8217;une petite s\u00e9lection de nos r\u00e9alisations, mais nous esp\u00e9rons qu&#8217;elle vous aidera \u00e0 imaginer ce que vous pourriez r\u00e9aliser dans vos propres espaces.<\/p>\n","protected":false},"featured_media":5676,"template":"","meta":[],"product_brand":[],"product_cat":[29,74],"product_tag":[],"class_list":{"0":"post-5674","1":"product","2":"type-product","3":"status-publish","4":"has-post-thumbnail","6":"product_cat-projets-sur-mesure","7":"product_cat-tisse-plat-sur-mesure","9":"first","10":"instock","11":"shipping-taxable","12":"product-type-simple"},"_links":{"self":[{"href":"https:\/\/hartleytissier.com\/fr\/wp-json\/wp\/v2\/product\/5674","targetHints":{"allow":["GET"]}}],"collection":[{"href":"https:\/\/hartleytissier.com\/fr\/wp-json\/wp\/v2\/product"}],"about":[{"href":"https:\/\/hartleytissier.com\/fr\/wp-json\/wp\/v2\/types\/product"}],"wp:featuredmedia":[{"embeddable":true,"href":"https:\/\/hartleytissier.com\/fr\/wp-json\/wp\/v2\/media\/5676"}],"wp:attachment":[{"href":"https:\/\/hartleytissier.com\/fr\/wp-json\/wp\/v2\/media?parent=5674"}],"wp:term":[{"taxonomy":"product_brand","embeddable":true,"href":"https:\/\/hartleytissier.com\/fr\/wp-json\/wp\/v2\/product_brand?post=5674"},{"taxonomy":"product_cat","embeddable":true,"href":"https:\/\/hartleytissier.com\/fr\/wp-json\/wp\/v2\/product_cat?post=5674"},{"taxonomy":"product_tag","embeddable":true,"href":"https:\/\/hartleytissier.com\/fr\/wp-json\/wp\/v2\/product_tag?post=5674"}],"curies":[{"name":"wp","href":"https:\/\/api.w.org\/{rel}","templated":true}]}}