{"id":4409,"date":"2021-05-19T13:52:33","date_gmt":"2021-05-19T12:52:34","guid":{"rendered":"https:\/\/hartleytissier.com\/?post_type=product&#038;p=4409"},"modified":"2022-11-24T05:22:38","modified_gmt":"2022-11-24T05:22:38","slug":"tapis-descalier-tisse-plat-ks05","status":"publish","type":"product","link":"https:\/\/hartleytissier.com\/fr\/produit\/tapis-descalier-tisse-plat-ks05\/","title":{"rendered":"Tapis d&#8217;escalier tiss\u00e9 plat, Kelly Solid Dk.Peacock KS05"},"content":{"rendered":"<h2>Tapis d&#8217;escalier tiss\u00e9 plat, Kelly Solid Dk.Peacock KS05<\/h2>\n<div>\n<p class=\"p1\">Composition : 100% Pure Laine.<\/p>\n<p class=\"p1\">Largeur : 69 cm environ.<\/p>\n<p class=\"p1\">\n<\/div>\n<p>&nbsp;<\/p>\n","protected":false},"excerpt":{"rendered":"<p class=\"p1\">Ce tissage \u00e0 plat traditionnel fabriqu\u00e9 en pure laine vierge, b\u00e9n\u00e9ficie d\u2019une excellente tenue \u00e0 l\u2019usure.<span class=\"Apple-converted-space\">\u00a0<\/span><\/p>\n<p class=\"p1\">Il est confectionn\u00e9 sur des largeurs de 69 cm de large ce qui permet de l\u2019utiliser comme tapis d\u2019escalier, pour habiller vos couloirs ou apr\u00e8s avoir \u00e9t\u00e9 assembl\u00e9 de mani\u00e8re invisible comme tapis ou moquette.<\/p>\n<p class=\"p1\">Le produit id\u00e9al pour l\u2019ensemble de vos int\u00e9rieurs.<\/p>\n","protected":false},"featured_media":5138,"template":"","meta":[],"product_brand":[],"product_cat":[26,34,244],"product_tag":[],"class_list":{"0":"post-4409","1":"product","2":"type-product","3":"status-publish","4":"has-post-thumbnail","6":"product_cat-tapis-d-escalier","7":"product_cat-stripes-tapis-escalier","8":"product_cat-kelly-solid-fr","10":"first","11":"instock","12":"shipping-taxable","13":"product-type-simple"},"_links":{"self":[{"href":"https:\/\/hartleytissier.com\/fr\/wp-json\/wp\/v2\/product\/4409","targetHints":{"allow":["GET"]}}],"collection":[{"href":"https:\/\/hartleytissier.com\/fr\/wp-json\/wp\/v2\/product"}],"about":[{"href":"https:\/\/hartleytissier.com\/fr\/wp-json\/wp\/v2\/types\/product"}],"wp:featuredmedia":[{"embeddable":true,"href":"https:\/\/hartleytissier.com\/fr\/wp-json\/wp\/v2\/media\/5138"}],"wp:attachment":[{"href":"https:\/\/hartleytissier.com\/fr\/wp-json\/wp\/v2\/media?parent=4409"}],"wp:term":[{"taxonomy":"product_brand","embeddable":true,"href":"https:\/\/hartleytissier.com\/fr\/wp-json\/wp\/v2\/product_brand?post=4409"},{"taxonomy":"product_cat","embeddable":true,"href":"https:\/\/hartleytissier.com\/fr\/wp-json\/wp\/v2\/product_cat?post=4409"},{"taxonomy":"product_tag","embeddable":true,"href":"https:\/\/hartleytissier.com\/fr\/wp-json\/wp\/v2\/product_tag?post=4409"}],"curies":[{"name":"wp","href":"https:\/\/api.w.org\/{rel}","templated":true}]}}