{"id":4285,"date":"2021-03-30T22:50:54","date_gmt":"2021-03-30T21:50:54","guid":{"rendered":"https:\/\/hartleytissier.com\/moquette-velours-josephine-brown\/"},"modified":"2021-03-30T22:50:54","modified_gmt":"2021-03-30T21:50:54","slug":"moquette-velours-josephine-brown","status":"publish","type":"product","link":"https:\/\/hartleytissier.com\/fr\/produit\/moquette-velours-josephine-brown\/","title":{"rendered":"Moquette velours, Josephine, Brown"},"content":{"rendered":"<h2>Moquette velours, Josephine, Brown<\/h2>\n<div>Composition : 80% Laine, 20% Nylon.<br \/>\nLargeur: 69 cm environ.<\/div>\n<div><\/div>\n<p>&nbsp;<\/p>\n","protected":false},"excerpt":{"rendered":"<p class=\"p1\">Cette moquette en velours est constitu\u00e9e de 80% de laine et 20% de polyamide, ce qui lui offre une grande r\u00e9sistance et une excellente adaptabilit\u00e9 \u00e0 vos surfaces.<\/p>\n<p class=\"p1\">Cette moquette en velours est constitu\u00e9e de 80% de laine et 20% de polyamide, ce qui lui offre une grande r\u00e9sistance.<\/p>\n<p class=\"p1\">Retrouvez ce produit avec une large gamme de couleurs qui produiront un effet chaleureux tant sur de petites que de larges surfaces.<\/p>\n<p class=\"p1\">Sa largeur de 69 cm vous permettra de l\u2019utiliser pour des passages d\u2019escaliers et\u00a0<a href=\"https:\/\/hartleytissier.com\/fr\/categorie-produit\/tapis\/\"><span class=\"s1\">des tapis<\/span><\/a><\/p>\n","protected":false},"featured_media":2315,"template":"","meta":[],"product_brand":[],"product_cat":[28,59],"product_tag":[],"class_list":{"0":"post-4285","1":"product","2":"type-product","3":"status-publish","4":"has-post-thumbnail","6":"product_cat-moquette-en-laine","7":"product_cat-josephine-moquette-laine","9":"first","10":"instock","11":"shipping-taxable","12":"product-type-simple"},"_links":{"self":[{"href":"https:\/\/hartleytissier.com\/fr\/wp-json\/wp\/v2\/product\/4285","targetHints":{"allow":["GET"]}}],"collection":[{"href":"https:\/\/hartleytissier.com\/fr\/wp-json\/wp\/v2\/product"}],"about":[{"href":"https:\/\/hartleytissier.com\/fr\/wp-json\/wp\/v2\/types\/product"}],"wp:featuredmedia":[{"embeddable":true,"href":"https:\/\/hartleytissier.com\/fr\/wp-json\/wp\/v2\/media\/2315"}],"wp:attachment":[{"href":"https:\/\/hartleytissier.com\/fr\/wp-json\/wp\/v2\/media?parent=4285"}],"wp:term":[{"taxonomy":"product_brand","embeddable":true,"href":"https:\/\/hartleytissier.com\/fr\/wp-json\/wp\/v2\/product_brand?post=4285"},{"taxonomy":"product_cat","embeddable":true,"href":"https:\/\/hartleytissier.com\/fr\/wp-json\/wp\/v2\/product_cat?post=4285"},{"taxonomy":"product_tag","embeddable":true,"href":"https:\/\/hartleytissier.com\/fr\/wp-json\/wp\/v2\/product_tag?post=4285"}],"curies":[{"name":"wp","href":"https:\/\/api.w.org\/{rel}","templated":true}]}}