{"id":4282,"date":"2021-04-05T17:20:24","date_gmt":"2021-04-05T16:20:24","guid":{"rendered":"https:\/\/hartleytissier.com\/moquette-escalier-transat-black\/"},"modified":"2021-04-05T17:20:24","modified_gmt":"2021-04-05T16:20:24","slug":"moquette-escalier-transat-black","status":"publish","type":"product","link":"https:\/\/hartleytissier.com\/fr\/produit\/moquette-escalier-transat-black\/","title":{"rendered":"Moquette d&#8217;escalier, Axminster, Transat. Black, Mid Charcoal, Shale, White"},"content":{"rendered":"<h2>Moquette d&#8217;escalier, Axminster, Transat. Black, Mid Charcoal, Shale, White<\/h2>\n<p class=\"p1\">Composition : 80% Laine, 20% Nylon.<\/p>\n<p class=\"p1\">Largeur : 70 cm environ.<\/p>\n<p>&nbsp;<\/p>\n","protected":false},"excerpt":{"rendered":"<p class=\"p1\">Notre moquette d\u2019escalier de cette gamme b\u00e9n\u00e9ficie d\u2019un tissage Axminster \u00e0 poils tiss\u00e9s.<\/p>\n<p class=\"p1\">Ces produits sont disponibles avec les motifs de votre choix et dans une large gamme de couleurs.<\/p>\n<p class=\"p1\">La composition du produit est un m\u00e9lange de 80 % de laine et de 20 % de nylon ce qui lui conf\u00e8re d&#8217;excellentes caract\u00e9ristiques techniques et une excellente tenue \u00e0 l\u2019usure.<\/p>\n<p class=\"p1\">Avec une largeur de 70 cm, ces tapis d\u2019escalier Axminster s\u2019adapteront \u00e0 vos escaliers.<\/p>\n<p class=\"p2\">Gr\u00e2ce \u00e0 notre cha\u00eene d&#8217;approvisionnement au Royaume-Uni, les d\u00e9lais de livraison des moquettes sur mesure d\u00e9passent rarement 6 semaines.<\/p>\n<p class=\"p1\">Ce produit peut \u00e9galement \u00eatre utilis\u00e9 pour des tapis ou moquette.<\/p>\n","protected":false},"featured_media":3384,"template":"","meta":[],"product_brand":[],"product_cat":[26,68,150],"product_tag":[],"class_list":{"0":"post-4282","1":"product","2":"type-product","3":"status-publish","4":"has-post-thumbnail","6":"product_cat-tapis-d-escalier","7":"product_cat-winston-moquette-laine-fr","8":"product_cat-transat-fr","10":"first","11":"instock","12":"shipping-taxable","13":"product-type-simple"},"_links":{"self":[{"href":"https:\/\/hartleytissier.com\/fr\/wp-json\/wp\/v2\/product\/4282","targetHints":{"allow":["GET"]}}],"collection":[{"href":"https:\/\/hartleytissier.com\/fr\/wp-json\/wp\/v2\/product"}],"about":[{"href":"https:\/\/hartleytissier.com\/fr\/wp-json\/wp\/v2\/types\/product"}],"wp:featuredmedia":[{"embeddable":true,"href":"https:\/\/hartleytissier.com\/fr\/wp-json\/wp\/v2\/media\/3384"}],"wp:attachment":[{"href":"https:\/\/hartleytissier.com\/fr\/wp-json\/wp\/v2\/media?parent=4282"}],"wp:term":[{"taxonomy":"product_brand","embeddable":true,"href":"https:\/\/hartleytissier.com\/fr\/wp-json\/wp\/v2\/product_brand?post=4282"},{"taxonomy":"product_cat","embeddable":true,"href":"https:\/\/hartleytissier.com\/fr\/wp-json\/wp\/v2\/product_cat?post=4282"},{"taxonomy":"product_tag","embeddable":true,"href":"https:\/\/hartleytissier.com\/fr\/wp-json\/wp\/v2\/product_tag?post=4282"}],"curies":[{"name":"wp","href":"https:\/\/api.w.org\/{rel}","templated":true}]}}