{"id":4269,"date":"2021-03-19T17:58:19","date_gmt":"2021-03-19T17:58:19","guid":{"rendered":"https:\/\/hartleytissier.com\/tapis-escalier-tisse-plat-teal\/"},"modified":"2025-02-20T10:18:38","modified_gmt":"2025-02-20T10:18:38","slug":"tapis-escalier-tisse-plat-teal","status":"publish","type":"product","link":"https:\/\/hartleytissier.com\/fr\/produit\/tapis-escalier-tisse-plat-teal\/","title":{"rendered":"Tapis d&#8217;escalier tiss\u00e9 plat, Herringbone Teal"},"content":{"rendered":"<h2>Tapis d&#8217;escalier tiss\u00e9 plat, Herringbone Teal<\/h2>\n<p class=\"p1\">Composition : 100% Pure laine vierge.<\/p>\n<p class=\"p1\">Largeur: 70 cm environ.<\/p>\n","protected":false},"excerpt":{"rendered":"<p class=\"p1\">Avec un motif classique et des couleurs audacieuses qui embellirons les int\u00e9rieurs contemporains et traditionnels. Fabriqu\u00e9 en pure laine vierge et d\u2019un largeur de 70 cm, Ce tapis d\u2019escalier tiss\u00e9 \u00e0 plat est id\u00e9al pour les marches d&#8217;escalier, les couloirs et peut \u00eatre assembl\u00e9 pour former de magnifiques tapis ou moquettes.<\/p>\n","protected":false},"featured_media":3278,"template":"","meta":[],"product_brand":[],"product_cat":[26,64],"product_tag":[],"class_list":{"0":"post-4269","1":"product","2":"type-product","3":"status-publish","4":"has-post-thumbnail","6":"product_cat-tapis-d-escalier","7":"product_cat-herringbone-tapis-escalier","9":"first","10":"instock","11":"shipping-taxable","12":"product-type-simple"},"_links":{"self":[{"href":"https:\/\/hartleytissier.com\/fr\/wp-json\/wp\/v2\/product\/4269","targetHints":{"allow":["GET"]}}],"collection":[{"href":"https:\/\/hartleytissier.com\/fr\/wp-json\/wp\/v2\/product"}],"about":[{"href":"https:\/\/hartleytissier.com\/fr\/wp-json\/wp\/v2\/types\/product"}],"wp:featuredmedia":[{"embeddable":true,"href":"https:\/\/hartleytissier.com\/fr\/wp-json\/wp\/v2\/media\/3278"}],"wp:attachment":[{"href":"https:\/\/hartleytissier.com\/fr\/wp-json\/wp\/v2\/media?parent=4269"}],"wp:term":[{"taxonomy":"product_brand","embeddable":true,"href":"https:\/\/hartleytissier.com\/fr\/wp-json\/wp\/v2\/product_brand?post=4269"},{"taxonomy":"product_cat","embeddable":true,"href":"https:\/\/hartleytissier.com\/fr\/wp-json\/wp\/v2\/product_cat?post=4269"},{"taxonomy":"product_tag","embeddable":true,"href":"https:\/\/hartleytissier.com\/fr\/wp-json\/wp\/v2\/product_tag?post=4269"}],"curies":[{"name":"wp","href":"https:\/\/api.w.org\/{rel}","templated":true}]}}