{"id":424,"date":"2020-11-11T20:23:04","date_gmt":"2020-11-11T20:23:04","guid":{"rendered":"https:\/\/hartleytissier.com\/?post_type=product&#038;p=424"},"modified":"2020-11-11T20:37:59","modified_gmt":"2020-11-11T20:37:59","slug":"barres-descalier-windsor-chrome","status":"publish","type":"product","link":"https:\/\/hartleytissier.com\/fr\/produit\/barres-descalier-windsor-chrome\/","title":{"rendered":"Barres d&#8217;escalier, Windsor Chrome"},"content":{"rendered":"<h2><span style=\"font-family: gill-sans-mt; color: #000000;\">Barres d&#8217;escalier, Windsor Chrome<\/span><\/h2>\n<p><span style=\"color: #000000;\">Les barres d&#8217;escaliers ne sont pas seulement fonctionnelles. <\/span><\/p>\n<p><span style=\"color: #000000;\">Elles\u00a0ajoutent\u00a0une touche d&#8217;\u00e9l\u00e9gance \u00e0 votre descente d&#8217;escalier. <\/span><\/p>\n<p><span style=\"color: #000000;\">Elles sont disponibles dans une grande vari\u00e9t\u00e9 de \u00ab finis \u00bb pour compl\u00e9menter\u00a0harmonieusement le style de\u00a0votre rev\u00eatement de sol.<\/span><\/p>\n<p>&nbsp;<\/p>\n","protected":false},"excerpt":{"rendered":"<p>Barres d&#8217;escalier, Windsor Chrome Les barres d&#8217;escaliers ne sont pas seulement fonctionnelles. Elles\u00a0ajoutent\u00a0une touche d&#8217;\u00e9l\u00e9gance \u00e0 votre descente d&#8217;escalier. Elles sont disponibles dans une grande vari\u00e9t\u00e9 de \u00ab finis \u00bb pour compl\u00e9menter\u00a0harmonieusement le style de\u00a0votre rev\u00eatement de sol. &nbsp;<\/p>\n","protected":false},"featured_media":422,"template":"","meta":[],"product_brand":[],"product_cat":[36],"product_tag":[],"class_list":{"0":"post-424","1":"product","2":"type-product","3":"status-publish","4":"has-post-thumbnail","6":"product_cat-accessoires-passage-d-escalier","8":"first","9":"instock","10":"shipping-taxable","11":"product-type-simple"},"_links":{"self":[{"href":"https:\/\/hartleytissier.com\/fr\/wp-json\/wp\/v2\/product\/424","targetHints":{"allow":["GET"]}}],"collection":[{"href":"https:\/\/hartleytissier.com\/fr\/wp-json\/wp\/v2\/product"}],"about":[{"href":"https:\/\/hartleytissier.com\/fr\/wp-json\/wp\/v2\/types\/product"}],"wp:featuredmedia":[{"embeddable":true,"href":"https:\/\/hartleytissier.com\/fr\/wp-json\/wp\/v2\/media\/422"}],"wp:attachment":[{"href":"https:\/\/hartleytissier.com\/fr\/wp-json\/wp\/v2\/media?parent=424"}],"wp:term":[{"taxonomy":"product_brand","embeddable":true,"href":"https:\/\/hartleytissier.com\/fr\/wp-json\/wp\/v2\/product_brand?post=424"},{"taxonomy":"product_cat","embeddable":true,"href":"https:\/\/hartleytissier.com\/fr\/wp-json\/wp\/v2\/product_cat?post=424"},{"taxonomy":"product_tag","embeddable":true,"href":"https:\/\/hartleytissier.com\/fr\/wp-json\/wp\/v2\/product_tag?post=424"}],"curies":[{"name":"wp","href":"https:\/\/api.w.org\/{rel}","templated":true}]}}