{"id":4213,"date":"2021-03-19T22:42:11","date_gmt":"2021-03-19T22:42:11","guid":{"rendered":"https:\/\/hartleytissier.com\/moquette-escalier-chevron-noir\/"},"modified":"2021-03-19T22:42:11","modified_gmt":"2021-03-19T22:42:11","slug":"moquette-escalier-chevron-noir","status":"publish","type":"product","link":"https:\/\/hartleytissier.com\/fr\/produit\/moquette-escalier-chevron-noir\/","title":{"rendered":"Moquette d&#8217;escalier, Axminster, Chevron, Garance &#038; Noir"},"content":{"rendered":"<h2>Moquette d&#8217;escalier, Axminster, Chevron, Garance &amp; Noir<\/h2>\n<p class=\"p1\">Composition : 80% Laine, 20% Nylon.<\/p>\n<p class=\"p1\">Largeur: 70 cm environ.<\/p>\n<p>&nbsp;<\/p>\n","protected":false},"excerpt":{"rendered":"<p class=\"p1\">Notre moquette d\u2019escalier de cette gamme b\u00e9n\u00e9ficie d\u2019un tissage Axminster \u00e0 poils tiss\u00e9s.<\/p>\n<p class=\"p1\">Ces produits sont disponibles avec les motifs de votre choix et dans une large gamme de couleurs.<\/p>\n<p class=\"p1\">La composition du produit est un m\u00e9lange de 80 % de laine et de 20 % de nylon ce qui lui conf\u00e8re d&#8217;excellentes caract\u00e9ristiques techniques et une excellente tenue \u00e0 l\u2019usure.<\/p>\n<p class=\"p1\">Avec une largeur de 70 cm, ces tapis d\u2019escalier Axminster s\u2019adapteront \u00e0 vos escaliers.<\/p>\n<p class=\"p2\"><span class=\"Apple-converted-space\">\u00a0<\/span><\/p>\n<p class=\"p1\">Gr\u00e2ce \u00e0 notre cha\u00eene d&#8217;approvisionnement au Royaume-Uni, les d\u00e9lais de livraison des moquettes sur mesure d\u00e9passent rarement 6 semaines. Winston peut \u00e9galement \u00eatre utilis\u00e9 pour les tapis et les moquettes.<\/p>\n<p class=\"p1\">Ce produit peut \u00e9galement \u00eatre utilis\u00e9 pour des tapis ou moquette.<\/p>\n","protected":false},"featured_media":3303,"template":"","meta":[],"product_brand":[],"product_cat":[26,68,231],"product_tag":[],"class_list":{"0":"post-4213","1":"product","2":"type-product","3":"status-publish","4":"has-post-thumbnail","6":"product_cat-tapis-d-escalier","7":"product_cat-winston-moquette-laine-fr","8":"product_cat-chevron-sr-fr","10":"first","11":"instock","12":"shipping-taxable","13":"product-type-simple"},"_links":{"self":[{"href":"https:\/\/hartleytissier.com\/fr\/wp-json\/wp\/v2\/product\/4213","targetHints":{"allow":["GET"]}}],"collection":[{"href":"https:\/\/hartleytissier.com\/fr\/wp-json\/wp\/v2\/product"}],"about":[{"href":"https:\/\/hartleytissier.com\/fr\/wp-json\/wp\/v2\/types\/product"}],"wp:featuredmedia":[{"embeddable":true,"href":"https:\/\/hartleytissier.com\/fr\/wp-json\/wp\/v2\/media\/3303"}],"wp:attachment":[{"href":"https:\/\/hartleytissier.com\/fr\/wp-json\/wp\/v2\/media?parent=4213"}],"wp:term":[{"taxonomy":"product_brand","embeddable":true,"href":"https:\/\/hartleytissier.com\/fr\/wp-json\/wp\/v2\/product_brand?post=4213"},{"taxonomy":"product_cat","embeddable":true,"href":"https:\/\/hartleytissier.com\/fr\/wp-json\/wp\/v2\/product_cat?post=4213"},{"taxonomy":"product_tag","embeddable":true,"href":"https:\/\/hartleytissier.com\/fr\/wp-json\/wp\/v2\/product_tag?post=4213"}],"curies":[{"name":"wp","href":"https:\/\/api.w.org\/{rel}","templated":true}]}}