{"id":4191,"date":"2021-04-01T19:42:01","date_gmt":"2021-04-01T18:42:01","guid":{"rendered":"https:\/\/hartleytissier.com\/moquette-tissee-plat-kelly-jd05\/"},"modified":"2021-04-01T19:42:01","modified_gmt":"2021-04-01T18:42:01","slug":"moquette-tissee-plat-kelly-jd05","status":"publish","type":"product","link":"https:\/\/hartleytissier.com\/fr\/produit\/moquette-tissee-plat-kelly-jd05\/","title":{"rendered":"Moquette tiss\u00e9e plat, 100% laine, Stripes. Kelly Linen JD05"},"content":{"rendered":"<h2>Moquette tiss\u00e9e plat, 100% laine, Stripes. Kelly Linen JD05<\/h2>\n<div>\n<p class=\"p1\">Composition : 100% Pure Laine.<\/p>\n<\/div>\n<div><\/div>\n<p>&nbsp;<\/p>\n","protected":false},"excerpt":{"rendered":"<p class=\"p1\">Toutes nos moquettes tiss\u00e9e \u00e0 plat sont fabriqu\u00e9es \u00e0 partir de 100 % de pure laine vierge et peuvent \u00eatre assembl\u00e9es pour cr\u00e9er de superbes tapis avec un bord tourn\u00e9 ou avec une bordure en lin.<\/p>\n<p class=\"p1\">Cette galerie de photos ne pr\u00e9sente qu&#8217;une petite s\u00e9lection de nos installations, mais nous esp\u00e9rons qu&#8217;elle vous aidera \u00e0 envisager ce que vous pourriez r\u00e9aliser dans votre propre espace.<\/p>\n<p class=\"p1\">Visitez la page relative \u00e0 notre gamme de tapis d&#8217;escalier pour retrouver d\u2019autres mod\u00e8les compl\u00e9mentaires.<\/p>\n","protected":false},"featured_media":3098,"template":"","meta":[],"product_brand":[],"product_cat":[28,58],"product_tag":[],"class_list":{"0":"post-4191","1":"product","2":"type-product","3":"status-publish","4":"has-post-thumbnail","6":"product_cat-moquette-en-laine","7":"product_cat-tisse-plat-moquette-laine","9":"first","10":"instock","11":"shipping-taxable","12":"product-type-simple"},"_links":{"self":[{"href":"https:\/\/hartleytissier.com\/fr\/wp-json\/wp\/v2\/product\/4191","targetHints":{"allow":["GET"]}}],"collection":[{"href":"https:\/\/hartleytissier.com\/fr\/wp-json\/wp\/v2\/product"}],"about":[{"href":"https:\/\/hartleytissier.com\/fr\/wp-json\/wp\/v2\/types\/product"}],"wp:featuredmedia":[{"embeddable":true,"href":"https:\/\/hartleytissier.com\/fr\/wp-json\/wp\/v2\/media\/3098"}],"wp:attachment":[{"href":"https:\/\/hartleytissier.com\/fr\/wp-json\/wp\/v2\/media?parent=4191"}],"wp:term":[{"taxonomy":"product_brand","embeddable":true,"href":"https:\/\/hartleytissier.com\/fr\/wp-json\/wp\/v2\/product_brand?post=4191"},{"taxonomy":"product_cat","embeddable":true,"href":"https:\/\/hartleytissier.com\/fr\/wp-json\/wp\/v2\/product_cat?post=4191"},{"taxonomy":"product_tag","embeddable":true,"href":"https:\/\/hartleytissier.com\/fr\/wp-json\/wp\/v2\/product_tag?post=4191"}],"curies":[{"name":"wp","href":"https:\/\/api.w.org\/{rel}","templated":true}]}}