{"id":4183,"date":"2021-04-01T18:02:22","date_gmt":"2021-04-01T17:02:22","guid":{"rendered":"https:\/\/hartleytissier.com\/moquette-tuftee-tandem-ta07\/"},"modified":"2025-02-20T13:47:17","modified_gmt":"2025-02-20T13:47:17","slug":"moquette-tuftee-tandem-ta07","status":"publish","type":"product","link":"https:\/\/hartleytissier.com\/fr\/produit\/moquette-tuftee-tandem-ta07\/","title":{"rendered":"Moquette tuft\u00e9e, Tandem TA07 Taupe (MOQ: 50 m2)"},"content":{"rendered":"<h2>Moquette tuft\u00e9e, Tandem TA07 Taupe<\/h2>\n<div>\n<p class=\"p1\">Composition : 80% Laine, 20% Nylon.<\/p>\n<p class=\"p1\">Largeur: 4 m environ.<\/p>\n<\/div>\n<div><\/div>\n<p>&nbsp;<\/p>\n","protected":false},"excerpt":{"rendered":"<p class=\"p1\">Le secret du succ\u00e8s de la moquette tuft\u00e9e Tandem r\u00e9side dans la combinaison d&#8217;un design simple et de l&#8217;irr\u00e9gularit\u00e9 naturelle de ses poils tuft\u00e9s mais aussi par son large choix de couleurs.<\/p>\n<p class=\"p1\">D&#8217;une largeur de 4 m\u00e8tres et compos\u00e9e de 80 % de laine et de 20 % de nylon, cette moquette convient parfaitement aux espaces publics qui exigent une excellente r\u00e9sistance \u00e0 l&#8217;usure.<\/p>\n<p><span style=\"color: #ed1c24;\">Cet article n\u2019est plus disponible en stock mais peut \u00eatre fabriqu\u00e9 sur commande. Quantit\u00e9 minimale de 50m carr\u00e9.<\/span><\/p>\n","protected":false},"featured_media":3039,"template":"","meta":[],"product_brand":[],"product_cat":[28,60],"product_tag":[],"class_list":{"0":"post-4183","1":"product","2":"type-product","3":"status-publish","4":"has-post-thumbnail","6":"product_cat-moquette-en-laine","7":"product_cat-tandem-moquette-laine","9":"first","10":"instock","11":"shipping-taxable","12":"product-type-simple"},"_links":{"self":[{"href":"https:\/\/hartleytissier.com\/fr\/wp-json\/wp\/v2\/product\/4183","targetHints":{"allow":["GET"]}}],"collection":[{"href":"https:\/\/hartleytissier.com\/fr\/wp-json\/wp\/v2\/product"}],"about":[{"href":"https:\/\/hartleytissier.com\/fr\/wp-json\/wp\/v2\/types\/product"}],"wp:featuredmedia":[{"embeddable":true,"href":"https:\/\/hartleytissier.com\/fr\/wp-json\/wp\/v2\/media\/3039"}],"wp:attachment":[{"href":"https:\/\/hartleytissier.com\/fr\/wp-json\/wp\/v2\/media?parent=4183"}],"wp:term":[{"taxonomy":"product_brand","embeddable":true,"href":"https:\/\/hartleytissier.com\/fr\/wp-json\/wp\/v2\/product_brand?post=4183"},{"taxonomy":"product_cat","embeddable":true,"href":"https:\/\/hartleytissier.com\/fr\/wp-json\/wp\/v2\/product_cat?post=4183"},{"taxonomy":"product_tag","embeddable":true,"href":"https:\/\/hartleytissier.com\/fr\/wp-json\/wp\/v2\/product_tag?post=4183"}],"curies":[{"name":"wp","href":"https:\/\/api.w.org\/{rel}","templated":true}]}}