{"id":4173,"date":"2021-04-01T19:28:41","date_gmt":"2021-04-01T18:28:41","guid":{"rendered":"https:\/\/hartleytissier.com\/moquette-tissee-plat-diamond-blue\/"},"modified":"2021-04-01T19:28:41","modified_gmt":"2021-04-01T18:28:41","slug":"moquette-tissee-plat-diamond-blue","status":"publish","type":"product","link":"https:\/\/hartleytissier.com\/fr\/produit\/moquette-tissee-plat-diamond-blue\/","title":{"rendered":"Moquette tiss\u00e9e plat, 100% laine, Diamond Blue"},"content":{"rendered":"<h2>Moquette tiss\u00e9e plat, 100% laine, Diamond Blue<\/h2>\n<div>\n<p class=\"p1\">Composition : 100% Laine.<\/p>\n<\/div>\n<div><\/div>\n<p>&nbsp;<\/p>\n","protected":false},"excerpt":{"rendered":"<p class=\"p1\">Notre moquette tiss\u00e9e \u00e0 plat est fabriqu\u00e9e \u00e0 partir de 100 % de pure laine vierge et peut \u00eatre assembl\u00e9e afin de cr\u00e9er de superbes tapis avec un bord tourn\u00e9 ou une bordure en lin.<\/p>\n<p class=\"p1\">Cette galerie de photos ne pr\u00e9sente qu&#8217;une petite s\u00e9lection de nos r\u00e9alisations, mais nous esp\u00e9rons qu&#8217;elle vous aidera \u00e0 envisager ce que vous pourriez r\u00e9aliser dans votre propre espace.<\/p>\n<p class=\"p1\">Vous pouvez vous r\u00e9f\u00e9rer \u00e0 notre gamme de tapis d&#8217;escalier pour la liste des mod\u00e8les et un compl\u00e9ment de choix.<\/p>\n","protected":false},"featured_media":3088,"template":"","meta":[],"product_brand":[],"product_cat":[28,58],"product_tag":[],"class_list":{"0":"post-4173","1":"product","2":"type-product","3":"status-publish","4":"has-post-thumbnail","6":"product_cat-moquette-en-laine","7":"product_cat-tisse-plat-moquette-laine","9":"first","10":"instock","11":"shipping-taxable","12":"product-type-simple"},"_links":{"self":[{"href":"https:\/\/hartleytissier.com\/fr\/wp-json\/wp\/v2\/product\/4173","targetHints":{"allow":["GET"]}}],"collection":[{"href":"https:\/\/hartleytissier.com\/fr\/wp-json\/wp\/v2\/product"}],"about":[{"href":"https:\/\/hartleytissier.com\/fr\/wp-json\/wp\/v2\/types\/product"}],"wp:featuredmedia":[{"embeddable":true,"href":"https:\/\/hartleytissier.com\/fr\/wp-json\/wp\/v2\/media\/3088"}],"wp:attachment":[{"href":"https:\/\/hartleytissier.com\/fr\/wp-json\/wp\/v2\/media?parent=4173"}],"wp:term":[{"taxonomy":"product_brand","embeddable":true,"href":"https:\/\/hartleytissier.com\/fr\/wp-json\/wp\/v2\/product_brand?post=4173"},{"taxonomy":"product_cat","embeddable":true,"href":"https:\/\/hartleytissier.com\/fr\/wp-json\/wp\/v2\/product_cat?post=4173"},{"taxonomy":"product_tag","embeddable":true,"href":"https:\/\/hartleytissier.com\/fr\/wp-json\/wp\/v2\/product_tag?post=4173"}],"curies":[{"name":"wp","href":"https:\/\/api.w.org\/{rel}","templated":true}]}}