{"id":4168,"date":"2021-04-01T21:38:02","date_gmt":"2021-04-01T20:38:02","guid":{"rendered":"https:\/\/hartleytissier.com\/moquette-grande-largeur-tendance-rust\/"},"modified":"2021-04-28T12:41:27","modified_gmt":"2021-04-28T11:41:27","slug":"moquette-grande-largeur-tendance-rust","status":"publish","type":"product","link":"https:\/\/hartleytissier.com\/fr\/produit\/moquette-grande-largeur-tendance-rust\/","title":{"rendered":"Moquette grande largeur, 100% laine, Tendance IV. 03 Grey, Rust"},"content":{"rendered":"<h2>Moquette grande largeur, 100% laine, Tendance IV. 03 Grey, Rust<\/h2>\n<div>\n<p class=\"p1\">Composition : 100% Laine.<\/p>\n<p class=\"p1\">Largeur: 4 m environ.<\/p>\n<\/div>\n<div><\/div>\n<div><\/div>\n<div><\/div>\n<a href=\"http:\/\/colourtec.hartleytissier.com\/\" class=\"button secondary is-secondary is-medium hide-for-medium\" >\n\t\t<span>HARTLEY COLOUR TEC<\/span>\n\t<\/a>\n<\/div>\n<p>&nbsp;<\/p>\n","protected":false},"excerpt":{"rendered":"<p class=\"p1\">Notre moquette grande largeur combine \u00e0 la perfection le luxe, le style et la durabilit\u00e9. <span class=\"Apple-converted-space\">\u00a0<\/span><\/p>\n<p class=\"p1\">Disponible en largeur de 4 m\u00e8tres et en 6 coloris diff\u00e9rents (tous parfaitement assortis \u00e0 notre collection de passages Finley).<\/p>\n<p class=\"p1\">Cette moquette tiss\u00e9e de grande largeur est 100 % laine et est id\u00e9ale pour les espaces publics et priv\u00e9s.<\/p>\n","protected":false},"featured_media":3139,"template":"","meta":[],"product_brand":[],"product_cat":[28,61],"product_tag":[],"class_list":{"0":"post-4168","1":"product","2":"type-product","3":"status-publish","4":"has-post-thumbnail","6":"product_cat-moquette-en-laine","7":"product_cat-tendance-moquette-laine","9":"first","10":"instock","11":"shipping-taxable","12":"product-type-simple"},"_links":{"self":[{"href":"https:\/\/hartleytissier.com\/fr\/wp-json\/wp\/v2\/product\/4168","targetHints":{"allow":["GET"]}}],"collection":[{"href":"https:\/\/hartleytissier.com\/fr\/wp-json\/wp\/v2\/product"}],"about":[{"href":"https:\/\/hartleytissier.com\/fr\/wp-json\/wp\/v2\/types\/product"}],"wp:featuredmedia":[{"embeddable":true,"href":"https:\/\/hartleytissier.com\/fr\/wp-json\/wp\/v2\/media\/3139"}],"wp:attachment":[{"href":"https:\/\/hartleytissier.com\/fr\/wp-json\/wp\/v2\/media?parent=4168"}],"wp:term":[{"taxonomy":"product_brand","embeddable":true,"href":"https:\/\/hartleytissier.com\/fr\/wp-json\/wp\/v2\/product_brand?post=4168"},{"taxonomy":"product_cat","embeddable":true,"href":"https:\/\/hartleytissier.com\/fr\/wp-json\/wp\/v2\/product_cat?post=4168"},{"taxonomy":"product_tag","embeddable":true,"href":"https:\/\/hartleytissier.com\/fr\/wp-json\/wp\/v2\/product_tag?post=4168"}],"curies":[{"name":"wp","href":"https:\/\/api.w.org\/{rel}","templated":true}]}}