{"id":4158,"date":"2021-03-30T21:47:23","date_gmt":"2021-03-30T20:47:23","guid":{"rendered":"https:\/\/hartleytissier.com\/moquette-velours-brigthon-black\/"},"modified":"2021-04-24T23:24:20","modified_gmt":"2021-04-24T22:24:20","slug":"moquette-velours-brigthon-black","status":"publish","type":"product","link":"https:\/\/hartleytissier.com\/fr\/produit\/moquette-velours-brigthon-black\/","title":{"rendered":"Moquette velours, Axminster, Winston Brigthon, Black \/ Aqua &#038; Blue Shade"},"content":{"rendered":"<h2>Moquette velours, Axminster, Winston Brigthon, Black \/ Aqua &amp; Blue Shade<\/h2>\n<div>\n<p class=\"p1\">Composition : 80% Laine, 20% Nylon.<\/p>\n<p class=\"p1\">Largeur: 4 m environ.<\/p>\n<\/div>\n<div><\/div>\n<div><\/div>\n<div><\/div>\n<a href=\"http:\/\/colourtec.hartleytissier.com\/\" class=\"button secondary is-secondary is-medium hide-for-medium\" >\n\t\t<span>HARTLEY COLOUR TEC<\/span>\n\t<\/a>\n<\/div>\n<p>&nbsp;<\/p>\n","protected":false},"excerpt":{"rendered":"<p class=\"p1\">Notre moquette velours b\u00e9n\u00e9ficie d\u2019un tissage Axminster. Ce produit est disponible avec les motifs de votre choix et dans une large gamme de couleurs.<\/p>\n<p class=\"p1\">Son m\u00e9lange de 80 % de laine et de 20 % de nylon lui conf\u00e8re d&#8217;excellentes caract\u00e9ristiques techniques et une excellente tenue \u00e0 l\u2019usure.<\/p>\n<p class=\"p1\">Avec une largeur de 4 m\u00e8tres, cette moquette s\u2019adaptera \u00e0 la plupart des int\u00e9rieurs.<\/p>\n<p class=\"p1\">Une quantit\u00e9 minimale de 20m2 seulement est demand\u00e9e pour toute commande.<\/p>\n<p class=\"p1\">Gr\u00e2ce \u00e0 notre cha\u00eene d&#8217;approvisionnement au Royaume-Uni, nos d\u00e9lais de livraison pour les moquettes sur mesure sont rarement sup\u00e9rieurs \u00e0 6 semaines.<span class=\"Apple-converted-space\">\u00a0<\/span><\/p>\n<p class=\"p1\">Ce produit peut \u00e9galement \u00eatre utilis\u00e9 pour les tapis et tapis d\u2019escalier ou passage d\u2019escalier.<\/p>\n","protected":false},"featured_media":2870,"template":"","meta":[],"product_brand":[],"product_cat":[28,62,228],"product_tag":[],"class_list":{"0":"post-4158","1":"product","2":"type-product","3":"status-publish","4":"has-post-thumbnail","6":"product_cat-moquette-en-laine","7":"product_cat-winston-moquette-laine","8":"product_cat-brighton","10":"first","11":"instock","12":"shipping-taxable","13":"product-type-simple"},"_links":{"self":[{"href":"https:\/\/hartleytissier.com\/fr\/wp-json\/wp\/v2\/product\/4158","targetHints":{"allow":["GET"]}}],"collection":[{"href":"https:\/\/hartleytissier.com\/fr\/wp-json\/wp\/v2\/product"}],"about":[{"href":"https:\/\/hartleytissier.com\/fr\/wp-json\/wp\/v2\/types\/product"}],"wp:featuredmedia":[{"embeddable":true,"href":"https:\/\/hartleytissier.com\/fr\/wp-json\/wp\/v2\/media\/2870"}],"wp:attachment":[{"href":"https:\/\/hartleytissier.com\/fr\/wp-json\/wp\/v2\/media?parent=4158"}],"wp:term":[{"taxonomy":"product_brand","embeddable":true,"href":"https:\/\/hartleytissier.com\/fr\/wp-json\/wp\/v2\/product_brand?post=4158"},{"taxonomy":"product_cat","embeddable":true,"href":"https:\/\/hartleytissier.com\/fr\/wp-json\/wp\/v2\/product_cat?post=4158"},{"taxonomy":"product_tag","embeddable":true,"href":"https:\/\/hartleytissier.com\/fr\/wp-json\/wp\/v2\/product_tag?post=4158"}],"curies":[{"name":"wp","href":"https:\/\/api.w.org\/{rel}","templated":true}]}}