{"id":4144,"date":"2021-03-31T19:36:48","date_gmt":"2021-03-31T18:36:48","guid":{"rendered":"https:\/\/hartleytissier.com\/tapis-tuftes-design-mustard\/"},"modified":"2021-03-31T19:36:48","modified_gmt":"2021-03-31T18:36:48","slug":"tapis-tuftes-design-mustard","status":"publish","type":"product","link":"https:\/\/hartleytissier.com\/fr\/produit\/tapis-tuftes-design-mustard\/","title":{"rendered":"Tapis tuft\u00e9s, 100% laine vierge, Design Mustard"},"content":{"rendered":"<h2>Tapis tuft\u00e9s, 100% laine vierge, Design Mustard<\/h2>\n<div>\n<p class=\"p1\">Composition : 100% Pure Laine.<\/p>\n<\/div>\n<div><\/div>\n<p>&nbsp;<\/p>\n","protected":false},"excerpt":{"rendered":"<p class=\"p1\">Ces tapis 100% pure laine vierge sont fabriqu\u00e9s exclusivement en Angleterre.<span class=\"Apple-converted-space\">\u00a0<\/span><\/p>\n<p class=\"p1\">Vous retrouverez notre style personnel et distinctif sous la forme de tapis tuft\u00e9s.<span class=\"Apple-converted-space\">\u00a0<\/span><\/p>\n<p class=\"p1\">Ces produits sont con\u00e7us sur mesure et disponibles selon la taille et la couleur de votre choix.<\/p>\n<p class=\"p1\">Vous pouvez d\u00e9finitivement obtenir un article unique pour compl\u00e9ter votre d\u00e9coration int\u00e9rieure quelque soit son style qu\u2019il soit classique ou contemporain.<span class=\"Apple-converted-space\">\u00a0<\/span><\/p>\n<p class=\"p1\">Cette galerie de photos ne pr\u00e9sente qu&#8217;une petite s\u00e9lection de nos r\u00e9alisations, mais nous esp\u00e9rons qu&#8217;elle vous aidera \u00e0 envisager ce que vous pourriez r\u00e9aliser dans votre propre espace.<\/p>\n","protected":false},"featured_media":2990,"template":"","meta":[],"product_brand":[],"product_cat":[27,70],"product_tag":[],"class_list":{"0":"post-4144","1":"product","2":"type-product","3":"status-publish","4":"has-post-thumbnail","6":"product_cat-tapis","7":"product_cat-tapis-tuftes","9":"first","10":"instock","11":"shipping-taxable","12":"product-type-simple"},"_links":{"self":[{"href":"https:\/\/hartleytissier.com\/fr\/wp-json\/wp\/v2\/product\/4144","targetHints":{"allow":["GET"]}}],"collection":[{"href":"https:\/\/hartleytissier.com\/fr\/wp-json\/wp\/v2\/product"}],"about":[{"href":"https:\/\/hartleytissier.com\/fr\/wp-json\/wp\/v2\/types\/product"}],"wp:featuredmedia":[{"embeddable":true,"href":"https:\/\/hartleytissier.com\/fr\/wp-json\/wp\/v2\/media\/2990"}],"wp:attachment":[{"href":"https:\/\/hartleytissier.com\/fr\/wp-json\/wp\/v2\/media?parent=4144"}],"wp:term":[{"taxonomy":"product_brand","embeddable":true,"href":"https:\/\/hartleytissier.com\/fr\/wp-json\/wp\/v2\/product_brand?post=4144"},{"taxonomy":"product_cat","embeddable":true,"href":"https:\/\/hartleytissier.com\/fr\/wp-json\/wp\/v2\/product_cat?post=4144"},{"taxonomy":"product_tag","embeddable":true,"href":"https:\/\/hartleytissier.com\/fr\/wp-json\/wp\/v2\/product_tag?post=4144"}],"curies":[{"name":"wp","href":"https:\/\/api.w.org\/{rel}","templated":true}]}}