{"id":4136,"date":"2021-03-31T18:08:10","date_gmt":"2021-03-31T17:08:10","guid":{"rendered":"https:\/\/hartleytissier.com\/tapis-tuftes-sur-mesure\/"},"modified":"2021-04-24T22:28:27","modified_gmt":"2021-04-24T21:28:27","slug":"tapis-tuftes-sur-mesure","status":"publish","type":"product","link":"https:\/\/hartleytissier.com\/fr\/produit\/tapis-tuftes-sur-mesure\/","title":{"rendered":"Tapis tuft\u00e9s, 100% laine vierge , Design sur mesure"},"content":{"rendered":"<h2>Tapis tuft\u00e9s, 100% laine vierge , Design sur mesure<\/h2>\n<div>\n<p class=\"p1\">Composition : 100% Pure Laine.<\/p>\n<\/div>\n<div><\/div>\n<p>&nbsp;<\/p>\n","protected":false},"excerpt":{"rendered":"<p class=\"p1\">Ces tapis 100% pure laine vierge sont fabriqu\u00e9s exclusivement en Angleterre.<span class=\"Apple-converted-space\">\u00a0<\/span><\/p>\n<p class=\"p1\">Vous retrouverez notre style personnel et distinctif sous la forme de tapis tuft\u00e9s.<span class=\"Apple-converted-space\">\u00a0<\/span><\/p>\n<p class=\"p1\">Ces produits sont con\u00e7us sur mesure et disponibles selon la taille et la couleur de votre choix.<\/p>\n<p class=\"p1\">Vous pouvez d\u00e9finitivement obtenir un article unique pour compl\u00e9ter votre d\u00e9coration int\u00e9rieure quelque soit son style qu\u2019il soit classique ou contemporain.<span class=\"Apple-converted-space\">\u00a0<\/span><\/p>\n<p class=\"p1\">Cette galerie de photos ne pr\u00e9sente qu&#8217;une petite s\u00e9lection de nos r\u00e9alisations, mais nous esp\u00e9rons qu&#8217;elle vous aidera \u00e0 envisager ce que vous pourriez r\u00e9aliser dans votre propre espace.<\/p>\n","protected":false},"featured_media":2944,"template":"","meta":[],"product_brand":[],"product_cat":[27,70],"product_tag":[],"class_list":{"0":"post-4136","1":"product","2":"type-product","3":"status-publish","4":"has-post-thumbnail","6":"product_cat-tapis","7":"product_cat-tapis-tuftes","9":"first","10":"instock","11":"shipping-taxable","12":"product-type-simple"},"_links":{"self":[{"href":"https:\/\/hartleytissier.com\/fr\/wp-json\/wp\/v2\/product\/4136","targetHints":{"allow":["GET"]}}],"collection":[{"href":"https:\/\/hartleytissier.com\/fr\/wp-json\/wp\/v2\/product"}],"about":[{"href":"https:\/\/hartleytissier.com\/fr\/wp-json\/wp\/v2\/types\/product"}],"wp:featuredmedia":[{"embeddable":true,"href":"https:\/\/hartleytissier.com\/fr\/wp-json\/wp\/v2\/media\/2944"}],"wp:attachment":[{"href":"https:\/\/hartleytissier.com\/fr\/wp-json\/wp\/v2\/media?parent=4136"}],"wp:term":[{"taxonomy":"product_brand","embeddable":true,"href":"https:\/\/hartleytissier.com\/fr\/wp-json\/wp\/v2\/product_brand?post=4136"},{"taxonomy":"product_cat","embeddable":true,"href":"https:\/\/hartleytissier.com\/fr\/wp-json\/wp\/v2\/product_cat?post=4136"},{"taxonomy":"product_tag","embeddable":true,"href":"https:\/\/hartleytissier.com\/fr\/wp-json\/wp\/v2\/product_tag?post=4136"}],"curies":[{"name":"wp","href":"https:\/\/api.w.org\/{rel}","templated":true}]}}