{"id":4135,"date":"2021-03-31T11:54:08","date_gmt":"2021-03-31T10:54:08","guid":{"rendered":"https:\/\/hartleytissier.com\/tapis-tisse-a-plat-hex-anthracite\/"},"modified":"2021-03-31T11:54:08","modified_gmt":"2021-03-31T10:54:08","slug":"tapis-tisse-a-plat-hex-anthracite","status":"publish","type":"product","link":"https:\/\/hartleytissier.com\/fr\/produit\/tapis-tisse-a-plat-hex-anthracite\/","title":{"rendered":"Tapis tiss\u00e9 \u00e0 plat, Jacquard Hex. Anthracite\/Rouge"},"content":{"rendered":"<h2>Tapis tiss\u00e9 \u00e0 plat, Jacquard Hex. Anthracite\/Rouge<\/h2>\n<div>\n<p class=\"p1\">Composition : 100% Pure Laine.<\/p>\n<\/div>\n<div><\/div>\n<p>&nbsp;<\/p>\n","protected":false},"excerpt":{"rendered":"<p class=\"p1\">Tous nos tapis tiss\u00e9 \u00e0 plat sont fabriqu\u00e9s \u00e0 partir de 100 % de pure laine vierge et peuvent \u00eatre assembl\u00e9s pour cr\u00e9er de superbes tapis avec un bord tourn\u00e9, soit avec une bordure en lin.<\/p>\n<p class=\"p1\">Cette galerie de photos ne pr\u00e9sente qu&#8217;une petite s\u00e9lection de nos installations, mais nous esp\u00e9rons qu&#8217;elle vous aidera \u00e0 envisager ce que vous pourriez r\u00e9aliser dans votre propre espace.<\/p>\n<p class=\"p1\">Veuillez vous r\u00e9f\u00e9rer \u00e0 notre gamme de tapis d&#8217;escalier pour la liste des mod\u00e8les.<\/p>\n","protected":false},"featured_media":2908,"template":"","meta":[],"product_brand":[],"product_cat":[27,69],"product_tag":[],"class_list":{"0":"post-4135","1":"product","2":"type-product","3":"status-publish","4":"has-post-thumbnail","6":"product_cat-tapis","7":"product_cat-tisse-plat-tapis","9":"first","10":"instock","11":"shipping-taxable","12":"product-type-simple"},"_links":{"self":[{"href":"https:\/\/hartleytissier.com\/fr\/wp-json\/wp\/v2\/product\/4135","targetHints":{"allow":["GET"]}}],"collection":[{"href":"https:\/\/hartleytissier.com\/fr\/wp-json\/wp\/v2\/product"}],"about":[{"href":"https:\/\/hartleytissier.com\/fr\/wp-json\/wp\/v2\/types\/product"}],"wp:featuredmedia":[{"embeddable":true,"href":"https:\/\/hartleytissier.com\/fr\/wp-json\/wp\/v2\/media\/2908"}],"wp:attachment":[{"href":"https:\/\/hartleytissier.com\/fr\/wp-json\/wp\/v2\/media?parent=4135"}],"wp:term":[{"taxonomy":"product_brand","embeddable":true,"href":"https:\/\/hartleytissier.com\/fr\/wp-json\/wp\/v2\/product_brand?post=4135"},{"taxonomy":"product_cat","embeddable":true,"href":"https:\/\/hartleytissier.com\/fr\/wp-json\/wp\/v2\/product_cat?post=4135"},{"taxonomy":"product_tag","embeddable":true,"href":"https:\/\/hartleytissier.com\/fr\/wp-json\/wp\/v2\/product_tag?post=4135"}],"curies":[{"name":"wp","href":"https:\/\/api.w.org\/{rel}","templated":true}]}}