{"id":4059,"date":"2021-04-06T15:30:26","date_gmt":"2021-04-06T14:30:26","guid":{"rendered":"https:\/\/hartleytissier.com\/moquette-sur-mesure-belmont\/"},"modified":"2021-04-06T15:30:26","modified_gmt":"2021-04-06T14:30:26","slug":"moquette-sur-mesure-belmont","status":"publish","type":"product","link":"https:\/\/hartleytissier.com\/fr\/produit\/moquette-sur-mesure-belmont\/","title":{"rendered":"Moquette sur mesure, H\u00f4tel Belmont Special"},"content":{"rendered":"<h2>Moquette sur mesure, H\u00f4tel Belmont Special<\/h2>\n<div>\n<p class=\"p1\">Composition : 80% Laine, 20% Nylon.<\/p>\n<p class=\"p1\">Largeur : 4 m environ.<\/p>\n<\/div>\n<div><\/div>\n<div><\/div>\n<div><\/div>\n<p>&nbsp;<\/p>\n","protected":false},"excerpt":{"rendered":"<p class=\"p1\">Cr\u00e9ez votre propre moquette sur mesure, le produit id\u00e9al pour tous les int\u00e9rieurs, classique ou contemporain<\/p>\n<p class=\"p1\">Cette galerie de photos ne pr\u00e9sente qu&#8217;une petite s\u00e9lection de nos r\u00e9alisations, mais nous esp\u00e9rons qu&#8217;elle vous aidera \u00e0 envisager ce que vous pourriez r\u00e9aliser dans votre propre espace.<\/p>\n<p class=\"p1\">Gr\u00e2ce \u00e0 notre cha\u00eene d&#8217;approvisionnement au Royaume-Uni, nos d\u00e9lais de livraison de moquettes sur mesure sont de 6 semaines.<\/p>\n","protected":false},"featured_media":1662,"template":"","meta":[],"product_brand":[],"product_cat":[29,73],"product_tag":[],"class_list":{"0":"post-4059","1":"product","2":"type-product","3":"status-publish","4":"has-post-thumbnail","6":"product_cat-projets-sur-mesure","7":"product_cat-moquette-sur-mesure","9":"first","10":"instock","11":"shipping-taxable","12":"product-type-simple"},"_links":{"self":[{"href":"https:\/\/hartleytissier.com\/fr\/wp-json\/wp\/v2\/product\/4059","targetHints":{"allow":["GET"]}}],"collection":[{"href":"https:\/\/hartleytissier.com\/fr\/wp-json\/wp\/v2\/product"}],"about":[{"href":"https:\/\/hartleytissier.com\/fr\/wp-json\/wp\/v2\/types\/product"}],"wp:featuredmedia":[{"embeddable":true,"href":"https:\/\/hartleytissier.com\/fr\/wp-json\/wp\/v2\/media\/1662"}],"wp:attachment":[{"href":"https:\/\/hartleytissier.com\/fr\/wp-json\/wp\/v2\/media?parent=4059"}],"wp:term":[{"taxonomy":"product_brand","embeddable":true,"href":"https:\/\/hartleytissier.com\/fr\/wp-json\/wp\/v2\/product_brand?post=4059"},{"taxonomy":"product_cat","embeddable":true,"href":"https:\/\/hartleytissier.com\/fr\/wp-json\/wp\/v2\/product_cat?post=4059"},{"taxonomy":"product_tag","embeddable":true,"href":"https:\/\/hartleytissier.com\/fr\/wp-json\/wp\/v2\/product_tag?post=4059"}],"curies":[{"name":"wp","href":"https:\/\/api.w.org\/{rel}","templated":true}]}}