{"id":4054,"date":"2021-04-06T15:54:17","date_gmt":"2021-04-06T14:54:17","guid":{"rendered":"https:\/\/hartleytissier.com\/moquette-sur-mesure-foch\/"},"modified":"2021-04-06T15:54:17","modified_gmt":"2021-04-06T14:54:17","slug":"moquette-sur-mesure-foch","status":"publish","type":"product","link":"https:\/\/hartleytissier.com\/fr\/produit\/moquette-sur-mesure-foch\/","title":{"rendered":"Moquette sur mesure, H\u00f4tel Residence Foch Special"},"content":{"rendered":"<h2>Moquette sur mesure, H\u00f4tel Residence Foch Special<\/h2>\n<div>\n<p class=\"p1\">Composition : 100% Pure laine vierge.<\/p>\n<p class=\"p1\">Largeur : de 70 \u00e0 90 cm environ.<\/p>\n<\/div>\n<div><\/div>\n<div><\/div>\n<div><\/div>\n<p>&nbsp;<\/p>\n","protected":false},"excerpt":{"rendered":"<p class=\"p1\">Cr\u00e9ez votre propre moquette sur mesure, le produit id\u00e9al pour tous les int\u00e9rieurs, classique ou contemporain<\/p>\n<p class=\"p1\">Cette galerie de photos ne pr\u00e9sente qu&#8217;une petite s\u00e9lection de nos r\u00e9alisations, mais nous esp\u00e9rons qu&#8217;elle vous aidera \u00e0 envisager ce que vous pourriez r\u00e9aliser dans votre propre espace.<\/p>\n<p class=\"p1\">Gr\u00e2ce \u00e0 notre cha\u00eene d&#8217;approvisionnement au Royaume-Uni, nos d\u00e9lais de livraison de moquettes sur mesure sont de 6 semaines.<\/p>\n","protected":false},"featured_media":3825,"template":"","meta":[],"product_brand":[],"product_cat":[29,73],"product_tag":[],"class_list":{"0":"post-4054","1":"product","2":"type-product","3":"status-publish","4":"has-post-thumbnail","6":"product_cat-projets-sur-mesure","7":"product_cat-moquette-sur-mesure","9":"first","10":"instock","11":"shipping-taxable","12":"product-type-simple"},"_links":{"self":[{"href":"https:\/\/hartleytissier.com\/fr\/wp-json\/wp\/v2\/product\/4054","targetHints":{"allow":["GET"]}}],"collection":[{"href":"https:\/\/hartleytissier.com\/fr\/wp-json\/wp\/v2\/product"}],"about":[{"href":"https:\/\/hartleytissier.com\/fr\/wp-json\/wp\/v2\/types\/product"}],"wp:featuredmedia":[{"embeddable":true,"href":"https:\/\/hartleytissier.com\/fr\/wp-json\/wp\/v2\/media\/3825"}],"wp:attachment":[{"href":"https:\/\/hartleytissier.com\/fr\/wp-json\/wp\/v2\/media?parent=4054"}],"wp:term":[{"taxonomy":"product_brand","embeddable":true,"href":"https:\/\/hartleytissier.com\/fr\/wp-json\/wp\/v2\/product_brand?post=4054"},{"taxonomy":"product_cat","embeddable":true,"href":"https:\/\/hartleytissier.com\/fr\/wp-json\/wp\/v2\/product_cat?post=4054"},{"taxonomy":"product_tag","embeddable":true,"href":"https:\/\/hartleytissier.com\/fr\/wp-json\/wp\/v2\/product_tag?post=4054"}],"curies":[{"name":"wp","href":"https:\/\/api.w.org\/{rel}","templated":true}]}}