{"id":4051,"date":"2021-04-06T16:17:08","date_gmt":"2021-04-06T15:17:08","guid":{"rendered":"https:\/\/hartleytissier.com\/tapis-escalier-sur-mesure-mushroom\/"},"modified":"2021-04-06T16:17:08","modified_gmt":"2021-04-06T15:17:08","slug":"tapis-escalier-sur-mesure-mushroom","status":"publish","type":"product","link":"https:\/\/hartleytissier.com\/fr\/produit\/tapis-escalier-sur-mesure-mushroom\/","title":{"rendered":"Tapis d&#8217;escalier sur mesure, Claire Border &#8211; Lt Grey, Graphite, Mushroom"},"content":{"rendered":"<h2>Tapis d&#8217;escalier sur mesure, Claire Border &#8211; Lt Grey, Graphite, Mushroom<\/h2>\n<div>\n<p class=\"p1\">Composition : 100% Pure laine vierge.<\/p>\n<p class=\"p1\">Largeur : de 70 \u00e0 90 cm environ.<\/p>\n<\/div>\n<div><\/div>\n<div><\/div>\n<div><\/div>\n<p>&nbsp;<\/p>\n","protected":false},"excerpt":{"rendered":"<p class=\"p1\">Nos tapis d&#8217;escalier tiss\u00e9s \u00e0 plat sur mesure sont fabriqu\u00e9s \u00e0 partir de 100 % de pure laine vierge.<\/p>\n<p class=\"p1\">Ces produits sur mesure vous permettront d\u2019embellir vos int\u00e9rieurs en sublimant vos escaliers.<\/p>\n<p class=\"p1\">Nous pouvons les ajuster dans des largeurs allant de 60 \u00e0 140 cm et en utilisant nos couleurs tenues en stock ou des couleurs \u00e0 votre gout, selon vos envies.<\/p>\n<p class=\"p1\">La quantit\u00e9 requise minimale est seulement de 20 m\u00e8tres lin\u00e9aires.<\/p>\n<p class=\"p1\">Cette galerie de photos ne pr\u00e9sente qu&#8217;une petite s\u00e9lection de nos r\u00e9alisations, mais nous esp\u00e9rons qu&#8217;elle vous aidera \u00e0 imaginer ce que vous pourriez r\u00e9aliser dans vos propres espaces.<\/p>\n","protected":false},"featured_media":52,"template":"","meta":[],"product_brand":[],"product_cat":[29],"product_tag":[],"class_list":{"0":"post-4051","1":"product","2":"type-product","3":"status-publish","4":"has-post-thumbnail","6":"product_cat-projets-sur-mesure","8":"first","9":"instock","10":"shipping-taxable","11":"product-type-simple"},"_links":{"self":[{"href":"https:\/\/hartleytissier.com\/fr\/wp-json\/wp\/v2\/product\/4051","targetHints":{"allow":["GET"]}}],"collection":[{"href":"https:\/\/hartleytissier.com\/fr\/wp-json\/wp\/v2\/product"}],"about":[{"href":"https:\/\/hartleytissier.com\/fr\/wp-json\/wp\/v2\/types\/product"}],"wp:featuredmedia":[{"embeddable":true,"href":"https:\/\/hartleytissier.com\/fr\/wp-json\/wp\/v2\/media\/52"}],"wp:attachment":[{"href":"https:\/\/hartleytissier.com\/fr\/wp-json\/wp\/v2\/media?parent=4051"}],"wp:term":[{"taxonomy":"product_brand","embeddable":true,"href":"https:\/\/hartleytissier.com\/fr\/wp-json\/wp\/v2\/product_brand?post=4051"},{"taxonomy":"product_cat","embeddable":true,"href":"https:\/\/hartleytissier.com\/fr\/wp-json\/wp\/v2\/product_cat?post=4051"},{"taxonomy":"product_tag","embeddable":true,"href":"https:\/\/hartleytissier.com\/fr\/wp-json\/wp\/v2\/product_tag?post=4051"}],"curies":[{"name":"wp","href":"https:\/\/api.w.org\/{rel}","templated":true}]}}