{"id":3569,"date":"2021-04-06T06:39:57","date_gmt":"2021-04-06T05:39:57","guid":{"rendered":"https:\/\/hartleytissier.com\/?post_type=product&#038;p=3569"},"modified":"2022-09-10T16:29:43","modified_gmt":"2022-09-10T15:29:43","slug":"tapis-escalier-laine-trafal-pearl","status":"publish","type":"product","link":"https:\/\/hartleytissier.com\/fr\/produit\/tapis-escalier-laine-trafal-pearl\/","title":{"rendered":"Tapis d&#8217;escalier, Tiss\u00e9 \u00e0 Plat, 100% laine vierge, Trafal, Pearl Anthracite"},"content":{"rendered":"<h2>Tapis d&#8217;escalier, Tiss\u00e9 \u00e0 Plat, 100% laine vierge, Trafal, Pearl Anthracite<\/h2>\n<p class=\"p1\">Composition : 100% Pure Laine.<\/p>\n<p class=\"p1\">Largeur : de 70 \u00e0 90 cm environ.<\/p>\n","protected":false},"excerpt":{"rendered":"<p class=\"p1\">Ce tissage \u00e0 plat traditionnel fabriqu\u00e9 en pure laine vierge, b\u00e9n\u00e9ficie d\u2019une excellente tenue \u00e0 l\u2019usure.<span class=\"Apple-converted-space\">\u00a0<\/span><\/p>\n<p class=\"p1\">Il est confectionn\u00e9 sur des largeurs allant de 70 \u00e0 90 cm de large ce qui permet de l\u2019utiliser comme tapis d\u2019escalier, pour habiller vos couloirs ou apr\u00e8s avoir \u00e9t\u00e9 assembl\u00e9 de mani\u00e8re invisible comme tapis ou moquette.<\/p>\n<p class=\"p1\">Le produit id\u00e9al pour l\u2019ensemble de vos int\u00e9rieurs.<\/p>\n<p><span style=\"color: #ed1c24;\">Cet article n&#8217;est plus disponible en stock mais peut \u00eatre fabriqu\u00e9 sur commande. Quantit\u00e9 minimale de 20m lin\u00e9aire.<\/span><\/p>\n<p class=\"blue\">\n","protected":false},"featured_media":3571,"template":"","meta":[],"product_brand":[],"product_cat":[26,225],"product_tag":[],"class_list":{"0":"post-3569","1":"product","2":"type-product","3":"status-publish","4":"has-post-thumbnail","6":"product_cat-tapis-d-escalier","7":"product_cat-trafal-fr","9":"first","10":"instock","11":"shipping-taxable","12":"product-type-simple"},"_links":{"self":[{"href":"https:\/\/hartleytissier.com\/fr\/wp-json\/wp\/v2\/product\/3569","targetHints":{"allow":["GET"]}}],"collection":[{"href":"https:\/\/hartleytissier.com\/fr\/wp-json\/wp\/v2\/product"}],"about":[{"href":"https:\/\/hartleytissier.com\/fr\/wp-json\/wp\/v2\/types\/product"}],"wp:featuredmedia":[{"embeddable":true,"href":"https:\/\/hartleytissier.com\/fr\/wp-json\/wp\/v2\/media\/3571"}],"wp:attachment":[{"href":"https:\/\/hartleytissier.com\/fr\/wp-json\/wp\/v2\/media?parent=3569"}],"wp:term":[{"taxonomy":"product_brand","embeddable":true,"href":"https:\/\/hartleytissier.com\/fr\/wp-json\/wp\/v2\/product_brand?post=3569"},{"taxonomy":"product_cat","embeddable":true,"href":"https:\/\/hartleytissier.com\/fr\/wp-json\/wp\/v2\/product_cat?post=3569"},{"taxonomy":"product_tag","embeddable":true,"href":"https:\/\/hartleytissier.com\/fr\/wp-json\/wp\/v2\/product_tag?post=3569"}],"curies":[{"name":"wp","href":"https:\/\/api.w.org\/{rel}","templated":true}]}}