{"id":3514,"date":"2021-04-05T20:21:57","date_gmt":"2021-04-05T19:21:57","guid":{"rendered":"https:\/\/hartleytissier.com\/?post_type=product&#038;p=3514"},"modified":"2025-11-10T12:07:30","modified_gmt":"2025-11-10T12:07:30","slug":"tapis-descalier-tisse-labyrinth-red","status":"publish","type":"product","link":"https:\/\/hartleytissier.com\/fr\/produit\/tapis-descalier-tisse-labyrinth-red\/","title":{"rendered":"Tapis d&#8217;escalier, Tiss\u00e9 Plat,  Labyrinth. Red."},"content":{"rendered":"<h2>Tapis d&#8217;escalier Jacquard, Labyrinth. Red<\/h2>\n<p class=\"p1\">Composition : 100% Pure Laine.<\/p>\n<p class=\"p1\">Largeur : de 70 \u00e0 90 cm environ.<\/p>\n","protected":false},"excerpt":{"rendered":"<p class=\"p1\">Avec son large choix de motifs complexes et sa palette de couleurs sur mesure, le tissage plat Jacquard distinctif apporte une nouvelle dimension aux espaces formels et informels.<span class=\"Apple-converted-space\">\u00a0<\/span><\/p>\n<p class=\"p1\">Tiss\u00e9 en 70 ou 90 cm de large en pure laine vierge, il peut \u00eatre utilis\u00e9 pour les marches d\u2019escalier et les couloirs ou assembl\u00e9 pour cr\u00e9er des tapis et des moquettes.<\/p>\n<p><span style=\"color: #ed1c24;\">Cet article n&#8217;est plus disponible en stock mais peut \u00eatre fabriqu\u00e9 sur commande. Quantit\u00e9 minimale de 20m lin\u00e9aire.<\/span><\/p>\n","protected":false},"featured_media":3516,"template":"","meta":[],"product_brand":[],"product_cat":[26,237],"product_tag":[],"class_list":{"0":"post-3514","1":"product","2":"type-product","3":"status-publish","4":"has-post-thumbnail","6":"product_cat-tapis-d-escalier","7":"product_cat-labyrinth-fr","9":"first","10":"instock","11":"shipping-taxable","12":"product-type-simple"},"_links":{"self":[{"href":"https:\/\/hartleytissier.com\/fr\/wp-json\/wp\/v2\/product\/3514","targetHints":{"allow":["GET"]}}],"collection":[{"href":"https:\/\/hartleytissier.com\/fr\/wp-json\/wp\/v2\/product"}],"about":[{"href":"https:\/\/hartleytissier.com\/fr\/wp-json\/wp\/v2\/types\/product"}],"wp:featuredmedia":[{"embeddable":true,"href":"https:\/\/hartleytissier.com\/fr\/wp-json\/wp\/v2\/media\/3516"}],"wp:attachment":[{"href":"https:\/\/hartleytissier.com\/fr\/wp-json\/wp\/v2\/media?parent=3514"}],"wp:term":[{"taxonomy":"product_brand","embeddable":true,"href":"https:\/\/hartleytissier.com\/fr\/wp-json\/wp\/v2\/product_brand?post=3514"},{"taxonomy":"product_cat","embeddable":true,"href":"https:\/\/hartleytissier.com\/fr\/wp-json\/wp\/v2\/product_cat?post=3514"},{"taxonomy":"product_tag","embeddable":true,"href":"https:\/\/hartleytissier.com\/fr\/wp-json\/wp\/v2\/product_tag?post=3514"}],"curies":[{"name":"wp","href":"https:\/\/api.w.org\/{rel}","templated":true}]}}