{"id":3482,"date":"2021-04-05T19:56:43","date_gmt":"2021-04-05T18:56:43","guid":{"rendered":"https:\/\/hartleytissier.com\/?post_type=product&#038;p=3482"},"modified":"2022-09-10T16:26:49","modified_gmt":"2022-09-10T15:26:49","slug":"tapis-escalier-jacquard-dove","status":"publish","type":"product","link":"https:\/\/hartleytissier.com\/fr\/produit\/tapis-escalier-jacquard-dove\/","title":{"rendered":"Tapis d&#8217;escalier Jacquard, Kent. Dove\/Slate"},"content":{"rendered":"<h2>Tapis d&#8217;escalier Jacquard, Kent. Dove\/Slate<\/h2>\n<p class=\"p1\">Composition : 100% Pure Laine.<\/p>\n<p class=\"p1\">Largeur : de 70 \u00e0 90 cm environ.<\/p>\n","protected":false},"excerpt":{"rendered":"<p class=\"p1\">Avec son large choix de motifs complexes et sa palette de couleurs sur mesure, le tissage plat Jacquard distinctif apporte une nouvelle dimension aux espaces formels et informels.<span class=\"Apple-converted-space\">\u00a0<\/span><\/p>\n<p class=\"p1\">Tiss\u00e9 de diff\u00e9rentes largeurs en pure laine vierge, il peut \u00eatre utilis\u00e9 pour les marches d&#8217;escalier et les couloirs ou assembl\u00e9 pour cr\u00e9er des tapis et des moquettes.<\/p>\n<p><span style=\"color: #ed1c24;\">Cet article n&#8217;est plus disponible en stock mais peut \u00eatre fabriqu\u00e9 sur commande. Quantit\u00e9 minimale de 20m lin\u00e9aire.<\/span><\/p>\n<p class=\"blue\">\n","protected":false},"featured_media":3484,"template":"","meta":[],"product_brand":[],"product_cat":[26,240],"product_tag":[],"class_list":{"0":"post-3482","1":"product","2":"type-product","3":"status-publish","4":"has-post-thumbnail","6":"product_cat-tapis-d-escalier","7":"product_cat-kent-fr","9":"first","10":"instock","11":"shipping-taxable","12":"product-type-simple"},"_links":{"self":[{"href":"https:\/\/hartleytissier.com\/fr\/wp-json\/wp\/v2\/product\/3482","targetHints":{"allow":["GET"]}}],"collection":[{"href":"https:\/\/hartleytissier.com\/fr\/wp-json\/wp\/v2\/product"}],"about":[{"href":"https:\/\/hartleytissier.com\/fr\/wp-json\/wp\/v2\/types\/product"}],"wp:featuredmedia":[{"embeddable":true,"href":"https:\/\/hartleytissier.com\/fr\/wp-json\/wp\/v2\/media\/3484"}],"wp:attachment":[{"href":"https:\/\/hartleytissier.com\/fr\/wp-json\/wp\/v2\/media?parent=3482"}],"wp:term":[{"taxonomy":"product_brand","embeddable":true,"href":"https:\/\/hartleytissier.com\/fr\/wp-json\/wp\/v2\/product_brand?post=3482"},{"taxonomy":"product_cat","embeddable":true,"href":"https:\/\/hartleytissier.com\/fr\/wp-json\/wp\/v2\/product_cat?post=3482"},{"taxonomy":"product_tag","embeddable":true,"href":"https:\/\/hartleytissier.com\/fr\/wp-json\/wp\/v2\/product_tag?post=3482"}],"curies":[{"name":"wp","href":"https:\/\/api.w.org\/{rel}","templated":true}]}}