{"id":3478,"date":"2021-04-05T19:54:16","date_gmt":"2021-04-05T18:54:16","guid":{"rendered":"https:\/\/hartleytissier.com\/?post_type=product&#038;p=3478"},"modified":"2021-04-26T12:37:59","modified_gmt":"2021-04-26T11:37:59","slug":"tapis-escalier-jacquard-kent-denim","status":"publish","type":"product","link":"https:\/\/hartleytissier.com\/fr\/produit\/tapis-escalier-jacquard-kent-denim\/","title":{"rendered":"Tapis d&#8217;escalier Jacquard, Kent. Denim\/Dk Blue Reverse"},"content":{"rendered":"<h2>Tapis d&#8217;escalier Jacquard, Kent. Denim\/Dk Blue Reverse<\/h2>\n<p class=\"p1\">Composition : 100% Pure Laine.<\/p>\n<p class=\"p1\">Largeur : de 70 \u00e0 90 cm environ.<\/p>\n","protected":false},"excerpt":{"rendered":"<p class=\"p1\">Avec son large choix de motifs complexes et sa palette de couleurs sur mesure, le tissage plat Jacquard distinctif apporte une nouvelle dimension aux espaces formels et informels.<span class=\"Apple-converted-space\">\u00a0<\/span><\/p>\n<p class=\"p1\">Tiss\u00e9 de diff\u00e9rentes largeurs en pure laine vierge, il peut \u00eatre utilis\u00e9 pour les marches d&#8217;escalier et les couloirs ou assembl\u00e9 pour cr\u00e9er des tapis et des moquettes.<\/p>\n","protected":false},"featured_media":3480,"template":"","meta":[],"product_brand":[],"product_cat":[26,240],"product_tag":[],"class_list":{"0":"post-3478","1":"product","2":"type-product","3":"status-publish","4":"has-post-thumbnail","6":"product_cat-tapis-d-escalier","7":"product_cat-kent-fr","9":"first","10":"instock","11":"shipping-taxable","12":"product-type-simple"},"_links":{"self":[{"href":"https:\/\/hartleytissier.com\/fr\/wp-json\/wp\/v2\/product\/3478","targetHints":{"allow":["GET"]}}],"collection":[{"href":"https:\/\/hartleytissier.com\/fr\/wp-json\/wp\/v2\/product"}],"about":[{"href":"https:\/\/hartleytissier.com\/fr\/wp-json\/wp\/v2\/types\/product"}],"wp:featuredmedia":[{"embeddable":true,"href":"https:\/\/hartleytissier.com\/fr\/wp-json\/wp\/v2\/media\/3480"}],"wp:attachment":[{"href":"https:\/\/hartleytissier.com\/fr\/wp-json\/wp\/v2\/media?parent=3478"}],"wp:term":[{"taxonomy":"product_brand","embeddable":true,"href":"https:\/\/hartleytissier.com\/fr\/wp-json\/wp\/v2\/product_brand?post=3478"},{"taxonomy":"product_cat","embeddable":true,"href":"https:\/\/hartleytissier.com\/fr\/wp-json\/wp\/v2\/product_cat?post=3478"},{"taxonomy":"product_tag","embeddable":true,"href":"https:\/\/hartleytissier.com\/fr\/wp-json\/wp\/v2\/product_tag?post=3478"}],"curies":[{"name":"wp","href":"https:\/\/api.w.org\/{rel}","templated":true}]}}