{"id":2525,"date":"2021-03-17T20:56:13","date_gmt":"2021-03-17T20:56:13","guid":{"rendered":"https:\/\/hartleytissier.com\/?post_type=product&#038;p=2525"},"modified":"2025-10-31T16:37:30","modified_gmt":"2025-10-31T16:37:30","slug":"tapis-escalier-tisse-plat-diamond-rouge","status":"publish","type":"product","link":"https:\/\/hartleytissier.com\/fr\/produit\/tapis-escalier-tisse-plat-diamond-rouge\/","title":{"rendered":"Tapis d&#8217;escalier, tIss\u00e9 plat avec bord, Diamond Rouge (MOQ: 20 lin.m)"},"content":{"rendered":"<h2>Tapis d&#8217;escalier, tIss\u00e9 plat avec bord, Diamond Rouge<\/h2>\n<p class=\"p1\">Composition : 100% Pure laine vierge.<\/p>\n<p class=\"p1\">Largeur: 70 cm environ.<\/p>\n","protected":false},"excerpt":{"rendered":"<p class=\"p1\">Ce tapis d\u2019escalier tiss\u00e9 \u00e0 plat, alterne astucieusement deux motifs diamant\u00e9s l\u00e9g\u00e8rement diff\u00e9rents pour produire un effet qui mettra en valeur les int\u00e9rieurs contemporains et traditionnels.<\/p>\n<p class=\"p1\">Fabriqu\u00e9 en pure laine vierge et d&#8217;une largeur de 70 cm, il est id\u00e9al pour les marches d&#8217;escalier et les couloirs et peut \u00eatre assembl\u00e9 pour former des tapis et des moquettes.<\/p>\n<p><span style=\"color: #ed1c24;\">Cet article n&#8217;est plus disponible en stock mais peut \u00eatre fabriqu\u00e9 sur commande. Quantit\u00e9 minimale de 20m lin\u00e9aire.<\/span><\/p>\n","protected":false},"featured_media":4554,"template":"","meta":[],"product_brand":[],"product_cat":[26,271],"product_tag":[],"class_list":{"0":"post-2525","1":"product","2":"type-product","3":"status-publish","4":"has-post-thumbnail","6":"product_cat-tapis-d-escalier","7":"product_cat-ffabrication-sur-commande-diamonds","9":"first","10":"instock","11":"shipping-taxable","12":"product-type-simple"},"_links":{"self":[{"href":"https:\/\/hartleytissier.com\/fr\/wp-json\/wp\/v2\/product\/2525","targetHints":{"allow":["GET"]}}],"collection":[{"href":"https:\/\/hartleytissier.com\/fr\/wp-json\/wp\/v2\/product"}],"about":[{"href":"https:\/\/hartleytissier.com\/fr\/wp-json\/wp\/v2\/types\/product"}],"wp:featuredmedia":[{"embeddable":true,"href":"https:\/\/hartleytissier.com\/fr\/wp-json\/wp\/v2\/media\/4554"}],"wp:attachment":[{"href":"https:\/\/hartleytissier.com\/fr\/wp-json\/wp\/v2\/media?parent=2525"}],"wp:term":[{"taxonomy":"product_brand","embeddable":true,"href":"https:\/\/hartleytissier.com\/fr\/wp-json\/wp\/v2\/product_brand?post=2525"},{"taxonomy":"product_cat","embeddable":true,"href":"https:\/\/hartleytissier.com\/fr\/wp-json\/wp\/v2\/product_cat?post=2525"},{"taxonomy":"product_tag","embeddable":true,"href":"https:\/\/hartleytissier.com\/fr\/wp-json\/wp\/v2\/product_tag?post=2525"}],"curies":[{"name":"wp","href":"https:\/\/api.w.org\/{rel}","templated":true}]}}