{"id":2412,"date":"2021-03-16T23:18:47","date_gmt":"2021-03-16T23:18:47","guid":{"rendered":"https:\/\/hartleytissier.com\/?post_type=product&#038;p=2412"},"modified":"2025-10-31T17:11:20","modified_gmt":"2025-10-31T17:11:20","slug":"tapis-escalier-tisse-plat-stone","status":"publish","type":"product","link":"https:\/\/hartleytissier.com\/fr\/produit\/tapis-escalier-tisse-plat-stone\/","title":{"rendered":"Tapis d&#8217;escalier, tiss\u00e9 plat, Diamond Stone"},"content":{"rendered":"<h2>Tapis d&#8217;escalier, tiss\u00e9 plat, Diamond Stone<\/h2>\n<p class=\"p1\">Composition : 100% Pure laine vierge.<\/p>\n<p class=\"p1\">Largeur: 70 cm environ.<\/p>\n","protected":false},"excerpt":{"rendered":"<p class=\"p1\">Ce tapis d\u2019escalier tiss\u00e9 \u00e0 plat, alterne astucieusement deux motifs diamant\u00e9s l\u00e9g\u00e8rement diff\u00e9rents pour produire un effet qui mettra en valeur les int\u00e9rieurs contemporains et traditionnels.<\/p>\n<p class=\"p1\">Fabriqu\u00e9 en pure laine vierge et d&#8217;une largeur de 70 cm, il est id\u00e9al pour les marches d&#8217;escalier et les couloirs et peut \u00eatre assembl\u00e9 pour former des tapis et des moquettes.<\/p>\n","protected":false},"featured_media":2414,"template":"","meta":[],"product_brand":[],"product_cat":[26,269],"product_tag":[],"class_list":{"0":"post-2412","1":"product","2":"type-product","3":"status-publish","4":"has-post-thumbnail","6":"product_cat-tapis-d-escalier","7":"product_cat-en-stock-diamonds","9":"first","10":"instock","11":"shipping-taxable","12":"product-type-simple"},"_links":{"self":[{"href":"https:\/\/hartleytissier.com\/fr\/wp-json\/wp\/v2\/product\/2412","targetHints":{"allow":["GET"]}}],"collection":[{"href":"https:\/\/hartleytissier.com\/fr\/wp-json\/wp\/v2\/product"}],"about":[{"href":"https:\/\/hartleytissier.com\/fr\/wp-json\/wp\/v2\/types\/product"}],"wp:featuredmedia":[{"embeddable":true,"href":"https:\/\/hartleytissier.com\/fr\/wp-json\/wp\/v2\/media\/2414"}],"wp:attachment":[{"href":"https:\/\/hartleytissier.com\/fr\/wp-json\/wp\/v2\/media?parent=2412"}],"wp:term":[{"taxonomy":"product_brand","embeddable":true,"href":"https:\/\/hartleytissier.com\/fr\/wp-json\/wp\/v2\/product_brand?post=2412"},{"taxonomy":"product_cat","embeddable":true,"href":"https:\/\/hartleytissier.com\/fr\/wp-json\/wp\/v2\/product_cat?post=2412"},{"taxonomy":"product_tag","embeddable":true,"href":"https:\/\/hartleytissier.com\/fr\/wp-json\/wp\/v2\/product_tag?post=2412"}],"curies":[{"name":"wp","href":"https:\/\/api.w.org\/{rel}","templated":true}]}}